{"id":7319,"date":"2023-02-22T09:00:16","date_gmt":"2023-02-22T08:00:16","guid":{"rendered":"https:\/\/gandan-yourte.com\/informazioni-legali\/"},"modified":"2025-07-17T09:29:16","modified_gmt":"2025-07-17T07:29:16","slug":"informazioni-legali","status":"publish","type":"page","link":"https:\/\/gandan-yourte.com\/it\/informazioni-legali\/","title":{"rendered":"Informazioni legali"},"content":{"rendered":"\t\t<div data-elementor-type=\"wp-page\" data-elementor-id=\"7319\" class=\"elementor elementor-7319 elementor-49\" data-elementor-post-type=\"page\">\n\t\t\t\t\t\t<section class=\"elementor-section elementor-top-section elementor-element elementor-element-fb89bf7 elementor-section-boxed elementor-section-height-default elementor-section-height-default\" data-id=\"fb89bf7\" data-element_type=\"section\" data-e-type=\"section\" data-settings=\"{&quot;jet_parallax_layout_list&quot;:[]}\">\n\t\t\t\t\t\t<div class=\"elementor-container elementor-column-gap-default\">\n\t\t\t\t\t<div class=\"elementor-column elementor-col-100 elementor-top-column elementor-element elementor-element-2b9deaa\" data-id=\"2b9deaa\" data-element_type=\"column\" data-e-type=\"column\">\n\t\t\t<div class=\"elementor-widget-wrap elementor-element-populated\">\n\t\t\t\t\t\t<div class=\"elementor-element elementor-element-11adf02 elementor-widget elementor-widget-text-editor\" data-id=\"11adf02\" data-element_type=\"widget\" data-e-type=\"widget\" data-widget_type=\"text-editor.default\">\n\t\t\t\t<div class=\"elementor-widget-container\">\n\t\t\t\t\t\t\t\t\t<p>La societ\u00e0 GANDAN YOURTE, preoccupata per i diritti delle persone, in particolare per quanto riguarda il trattamento automatizzato, e nel desiderio di trasparenza nei confronti dei propri clienti, ha messo in atto una politica che copre tutti i trattamenti di questo tipo, le finalit\u00e0 per cui vengono effettuati e i mezzi di azione a disposizione delle persone affinch\u00e9 possano esercitare al meglio i propri diritti.<\/p>\n<p>Per ulteriori informazioni sulla protezione dei dati personali, ti invitiamo a consultare il seguente sito web: https: <a href=\"https:\/\/www.cnil.fr\/\">\/\/www.cnil.fr\/<\/a><\/p>\n<p>La prosecuzione della navigazione in questo sito implica l&#8217;accettazione senza riserve delle seguenti disposizioni e condizioni d&#8217;uso. L&#8217;utente accetta l&#8217;uso dei cookie e di altri dispositivi di tracciamento. <\/p>\n<p>Se rifiuti di salvare i cookie nel tuo browser, non potrai pi\u00f9 utilizzare un certo numero di funzioni che sono comunque necessarie per navigare in alcune aree del sito.<\/p>\n<p>Ove applicabile, GANDAN YOURTE declina ogni responsabilit\u00e0 per le conseguenze dell&#8217;alterato funzionamento dei servizi derivante dall&#8217;impossibilit\u00e0 per GANDAN YOURTE di registrare o consultare i cookie necessari al funzionamento del sito e che tu hai rifiutato o cancellato.<\/p>\n<p>Per permetterti di gestire i cookie dal tuo browser, ecco un elenco di link a seconda del tuo browser:<\/p>\n<p>Internet Explorer e Edge: <a href=\"https:\/\/support.microsoft.com\/fr-fr\/help\/17442\/windows-internet-explorer-delete-manage-cookies\">Gestisci<\/a><\/p>\n<p>Google Chrome : <a href=\"https:\/\/support.google.com\/chrome\/answer\/95647?hl=fr&amp;hlrm=en\">Gestione<\/a><\/p>\n<p>Safari: <a href=\"https:\/\/support.apple.com\/kb\/ph21411?locale=fr_CA\">Gestisci<\/a><\/p>\n<p>Firefox : <a href=\"https:\/\/support.mozilla.org\/fr\/kb\/activer-desactiver-cookies-preferences?redirectlocale=fr&amp;redirectslug=Activer+et+d%C3%A9sactiver+les+cookies\">Gestione<\/a><\/p>\n<p>Opera : <a href=\"http:\/\/help.opera.com\/Windows\/10.20\/fr\/cookies.html\">Gestione<\/a><\/p>\n<p>Puoi anche consultare il link ufficiale della CNIL sui cookie: <a href=\"https:\/\/www.cnil.fr\/fr\/cookies-les-outils-pour-les-maitriser\">CNIL<\/a><\/p>\n<p>L&#8217;attuale versione online di questi termini e condizioni d&#8217;uso \u00e8 l&#8217;unica versione che pu\u00f2 essere invocata per tutto il periodo di utilizzo del sito e fino a quando una nuova versione non la sostituir\u00e0.<\/p>\n<p><strong>ARTICOLO 1 &#8211; INFORMAZIONI LEGALI<\/strong><\/p>\n<p>1.1 Sito (di seguito &#8220;il Sito&#8221;): gandan-yourte.com<\/p>\n<p>1.2 Editore (di seguito &#8220;l&#8217;editore&#8221;): GANDAN YOURTE con sede legale in: 2 rue de l&#8217;Indre 75020 Parigi Francia rappresentata da M.Marchand Olivier<\/p>\n<p>Registrato presso l&#8217;RCS il 09\/11\/2007,<\/p>\n<p>SIRET : 500 918 404 00038<\/p>\n<p>IVA : FR 87 500918404<\/p>\n<p>Numero di telefono: 09 53 64 86 25<\/p>\n<p>Indirizzo e-mail: Info@gandan-yourte.com<\/p>\n<p>1.3 Host (di seguito denominato &#8220;Host&#8221;) :<\/p>\n<p>Il sito \u00e8 ospitato da INFOMANIAK NETWORK SA :<\/p>\n<p>SAS con capitale di 102.000 CHF<\/p>\n<p>Numero di registro delle imprese: CHE-103.167.648<\/p>\n<p>Sede legale: Rue Eug\u00e8ne-Marziano 25 1227 Les Acacias<\/p>\n<p><strong>ARTICOLO 2 &#8211; ACCESSO AL SITO<\/strong><\/p>\n<p>L&#8217;accesso e l&#8217;utilizzo del sito sono strettamente personali. L&#8217;utente si impegna a non utilizzare questo sito o le informazioni o i dati in esso contenuti per scopi commerciali, politici o pubblicitari o per qualsiasi forma di sollecitazione commerciale, in particolare l&#8217;invio di e-mail non richieste. <\/p>\n<p><strong>ARTICOLO 3 &#8211; CONTENUTO DEL SITO<\/strong><\/p>\n<p>Tutti i marchi, le fotografie, i testi, i commenti, le illustrazioni, le immagini (animate o meno), le sequenze video, i suoni, nonch\u00e9 tutte le applicazioni informatiche che possono essere utilizzate per il funzionamento di questo sito e, pi\u00f9 in generale, tutti gli elementi riprodotti o utilizzati sul sito sono protetti dalle leggi vigenti sulla propriet\u00e0 intellettuale.<\/p>\n<p>Essi sono di piena e totale propriet\u00e0 dell&#8217;editore o dei suoi partner. \u00c8 severamente vietata la riproduzione, la rappresentazione, l&#8217;uso o l&#8217;adattamento, in qualsiasi forma, di tutti o parte di questi elementi, comprese le applicazioni informatiche, senza il previo consenso scritto dell&#8217;editore. Il fatto che l&#8217;editore non avvii un procedimento non appena viene a conoscenza di tale uso non autorizzato non costituisce accettazione di tale uso e rinuncia ad azioni legali.  <\/p>\n<p><strong>ARTICOLO 4 &#8211; GESTIONE DEL SITO<\/strong><\/p>\n<p>Per la corretta gestione del sito, l&#8217;editore potr\u00e0 in qualsiasi momento:<br>&#8211; sospendere, interrompere o limitare l&#8217;accesso a tutto o parte del sito, riservare l&#8217;accesso al sito, o a determinate parti del sito, a una specifica categoria di utenti Internet;<\/p>\n<p>&#8211; Eliminare qualsiasi informazione che possa disturbare il suo funzionamento o contravvenire alle leggi nazionali o internazionali o alle regole della Netiquette;<\/p>\n<p>&#8211; Sospendi il sito per gli aggiornamenti.<\/p>\n<p><strong>ARTICOLO 5 &#8211; RESPONSABILIT\u00c0<\/strong><\/p>\n<p>L&#8217;editore non potr\u00e0 essere ritenuto responsabile in caso di guasti, rotture, difficolt\u00e0 o interruzioni di funzionamento che impediscano l&#8217;accesso al sito o a qualsiasi sua funzione.<\/p>\n<p>L&#8217;attrezzatura che utilizzi per connetterti al sito \u00e8 di tua esclusiva responsabilit\u00e0. L&#8217;utente deve adottare tutte le misure appropriate per proteggere le proprie apparecchiature e i propri dati, in particolare da attacchi virali via Internet. L&#8217;utente \u00e8 inoltre l&#8217;unico responsabile dei siti e dei dati che consulta.  <\/p>\n<p>L&#8217;editore non pu\u00f2 essere ritenuto responsabile di eventuali azioni legali intraprese nei tuoi confronti:<\/p>\n<p>&#8211; In seguito all&#8217;utilizzo del sito o di qualsiasi servizio accessibile via Internet;<\/p>\n<p>&#8211; Il mancato rispetto da parte dell&#8217;utente dei presenti termini e condizioni generali.<\/p>\n<p>L&#8217;editore non \u00e8 responsabile di eventuali danni causati all&#8217;utente, a terzi e\/o alle sue apparecchiature in seguito alla connessione o all&#8217;utilizzo del sito e l&#8217;utente rinuncia a qualsiasi rivendicazione nei suoi confronti.<\/p>\n<p>Se l&#8217;editore \u00e8 oggetto di procedimenti amichevoli o legali a seguito dell&#8217;utilizzo del sito da parte dell&#8217;utente, potr\u00e0 agire nei confronti dell&#8217;utente per ottenere il risarcimento di tutte le perdite, somme, multe e costi che potrebbero derivare da tali procedimenti.<\/p>\n<p><strong>ARTICOLO 6 &#8211; COLLEGAMENTI IPERTESTUALI<\/strong><\/p>\n<p>L&#8217;editore autorizza gli utenti a creare collegamenti ipertestuali a tutto o parte del sito. Ogni link deve essere ritirato su richiesta dell&#8217;editore. <\/p>\n<p>Qualsiasi informazione accessibile tramite un link ad altri siti non \u00e8 sotto il controllo dell&#8217;editore, che non si assume alcuna responsabilit\u00e0 per il loro contenuto.<\/p>\n<p><strong>ARTICOLO 7 &#8211; RACCOLTA DEI DATI<\/strong><\/p>\n<p>I tuoi dati sono raccolti da GANDAN YOURTE<\/p>\n<p>Per dati personali si intende qualsiasi informazione relativa a una persona fisica identificata o identificabile (interessato); per persona identificabile si intende una persona che pu\u00f2 essere identificata, direttamente o indirettamente, in particolare mediante riferimento a un nome, a un numero di identificazione o a uno o pi\u00f9 elementi caratteristici della sua identit\u00e0 fisica, fisiologica, genetica, psichica, economica, culturale o sociale.<\/p>\n<p>I dati personali che possono essere raccolti sul sito sono utilizzati principalmente dall&#8217;editore per gestire i rapporti con l&#8217;utente e, se del caso, per evadere i suoi ordini.<\/p>\n<p><strong>ARTICOLO 8 &#8211; DIRITTO DI ACCESSO, RETTIFICA E CANCELLAZIONE DEI TUOI DATI<\/strong><\/p>\n<p>Tutti hanno il diritto di accedere, rettificare e opporsi ai propri dati personali. Le persone hanno anche il diritto di limitare il trattamento dei propri dati personali, il diritto di cancellazione e il diritto alla portabilit\u00e0 dei dati personali che hanno fornito al titolare del trattamento. <\/p>\n<p>Puoi esercitare questo diritto contattandoci al seguente indirizzo: <span style=\"letter-spacing: 0.2px;\">32 BD CHARLES DE GAULLE 63000 CLERMONT-FERRAND<\/span><br>o via email al seguente indirizzo: <span style=\"text-align: var(--text-align); background-color: var( --e-global-color-85d5b67 ); color: var( --e-global-color-3deb281 ); font-size: 1em;\">Info@gandan-yourte.com<\/span><\/p>\n<p>Tutte le richieste devono essere accompagnate da una fotocopia di un documento d&#8217;identit\u00e0 valido e firmato e indicare l&#8217;indirizzo al quale l&#8217;editore pu\u00f2 contattare il richiedente. La risposta verr\u00e0 inviata entro un mese dal ricevimento della richiesta. Il termine di un mese pu\u00f2 essere prorogato di due mesi se la complessit\u00e0 della richiesta e\/o il numero di richieste lo richiedono.  <\/p>\n<p>Inoltre, a partire dalla legge n. 2016-1321 del 7 ottobre 2016, le persone che lo desiderano hanno la possibilit\u00e0 di organizzare il destino dei loro dati dopo la loro morte. Per maggiori informazioni sull&#8217;argomento, puoi visitare il sito web della CNIL: https: <a href=\"https:\/\/www.cnil.fr\/\">\/\/www.cnil.fr\/.<\/a> <\/p>\n<p><strong>ARTICOLO 9 &#8211; UTILIZZO DEI DATI<\/strong><\/p>\n<p>Le informazioni raccolte possono essere comunicate a terzi legati all&#8217;editore da un contratto per l&#8217;esecuzione di compiti in subappalto necessari per la gestione del tuo account e senza che tu debba dare la tua autorizzazione.<\/p>\n<p>In caso di qualsiasi tipo di reato in cui le parti siano coinvolte e per il quale l&#8217;autorit\u00e0 giudiziaria abbia bisogno di conoscere le informazioni raccolte, queste ultime saranno necessariamente comunicate a tali autorit\u00e0 su loro espressa e motivata richiesta e non potranno pi\u00f9 beneficiare delle disposizioni in materia di protezione dei dati personali.<\/p>\n<p>Nel caso in cui alcune informazioni siano obbligatorie per accedere a specifiche funzionalit\u00e0 del sito, l&#8217;editore indicher\u00e0 tale obbligatoriet\u00e0 al momento dell&#8217;inserimento dei dati.<\/p>\n<p><strong>ARTICOLO 10 &#8211; COOKIE<\/strong><\/p>\n<p>Che cos&#8217;\u00e8 un biscotto?<\/p>\n<p>Un cookie \u00e8 un file elettronico memorizzato su un terminale (computer, tablet, smartphone, ecc.) e letto, ad esempio, quando si visita un sito web, si legge un&#8217;e-mail, si installa o si utilizza un software o un&#8217;applicazione mobile, indipendentemente dal tipo di terminale utilizzato (fonte: https: <a href=\"https:\/\/www.cnil.fr\/fr\/cookies-traceurs-que-dit-la-loi\">\/\/www.cnil.fr\/fr\/cookies-traceurs-que-dit-la-loi)<\/a>.<\/p>\n<p>Durante la navigazione su questo sito, \u00e8 possibile che vengano installati sul tuo terminale dei cookie della societ\u00e0 responsabile del sito in questione e\/o di societ\u00e0 terze.<\/p>\n<p>Quando si naviga per la prima volta su questo sito, apparir\u00e0 un banner che spiega l&#8217;uso dei cookie. Continuando a navigare nel sito, il cliente e\/o il potenziale cliente si riterr\u00e0 informato e accetter\u00e0 l&#8217;utilizzo dei cookie. Il consenso prestato sar\u00e0 valido per un periodo di tredici (13) mesi.  <\/p>\n<p>Tutte le informazioni raccolte saranno utilizzate esclusivamente per monitorare il volume, il tipo e il modello di traffico che utilizza questo sito, per sviluppare il design e il layout del sito e per altri scopi amministrativi e di pianificazione e, in generale, per migliorare il servizio che ti offriamo.<\/p>\n<p>Su questo sito vengono utilizzati i seguenti cookie:<\/p>\n<p>PHPSESSID: tracciamento della sessione PHP (criteri di ricerca, navigazione)<\/p>\n<p>cookie-acceptance-module : Ricordare l&#8217;accettazione dei cookie<\/p>\n<p>Hanno una durata di vita di tredici mesi.<\/p>\n<p>Per maggiori informazioni sull&#8217;uso, la gestione e la cancellazione dei cookie per tutti i browser, consulta il seguente link: https: <a href=\"https:\/\/www.cnil.fr\/fr\/cookies-les-outils-pour-les-maitriser\">\/\/www.cnil.fr\/fr\/cookies-les-outils-pour-les-maitriser.<\/a><\/p>\n<p>In caso di qualsiasi tipo di reato in cui le parti siano coinvolte e per il quale l&#8217;autorit\u00e0 giudiziaria abbia bisogno di conoscere le informazioni raccolte, queste ultime saranno necessariamente comunicate a tali autorit\u00e0 su loro espressa e motivata richiesta e non potranno pi\u00f9 beneficiare delle disposizioni in materia di protezione dei dati personali.<\/p>\n<p>Nel caso in cui alcune informazioni siano obbligatorie per accedere a specifiche funzionalit\u00e0 del sito, l&#8217;editore indicher\u00e0 tale obbligatoriet\u00e0 al momento dell&#8217;inserimento dei dati.<\/p>\n<p><strong>ARTICOLO 11 &#8211; FOTOGRAFIE E RAPPRESENTAZIONE DEI PRODOTTI<\/strong><br>Le fotografie dei prodotti, che accompagnano la loro descrizione, non sono contrattuali e non sono vincolanti per l&#8217;editore.<\/p>\n<p><strong>ARTICOLO 12 &#8211; LEGGE APPLICABILE<\/strong><\/p>\n<p>Le presenti condizioni di utilizzo del sito sono regolate dalla legge francese e sono soggette alla giurisdizione dei tribunali della sede legale dell&#8217;editore, fatta salva una specifica attribuzione di giurisdizione derivante da un particolare testo legale o normativo.<\/p>\n<p><strong>ARTICOLO 13 &#8211; CONTATTACI<\/strong><\/p>\n<p>Se hai domande o desideri informazioni sui prodotti presentati sul sito o sul sito stesso, puoi lasciare un messaggio utilizzando il modulo di contatto nella pagina <a href=\"https:\/\/gandan-yourte.com\/it\/contatto\/\">Contatti<\/a>.<\/p>\t\t\t\t\t\t\t\t<\/div>\n\t\t\t\t<\/div>\n\t\t\t\t\t<\/div>\n\t\t<\/div>\n\t\t\t\t\t<\/div>\n\t\t<\/section>\n\t\t\t\t<\/div>\n\t\t","protected":false},"excerpt":{"rendered":"<p>La societ\u00e0 GANDAN YOURTE, preoccupata per i diritti delle persone, in particolare per quanto riguarda il trattamento automatizzato, e nel desiderio di trasparenza nei confronti dei propri clienti, ha messo in atto una politica che copre tutti i trattamenti di questo tipo, le finalit\u00e0 per cui vengono effettuati e i mezzi di azione a disposizione [&hellip;]<\/p>\n","protected":false},"author":2,"featured_media":0,"parent":0,"menu_order":0,"comment_status":"closed","ping_status":"closed","template":"","meta":{"footnotes":""},"class_list":["post-7319","page","type-page","status-publish","hentry"],"yoast_head":"<!-- This site is optimized with the Yoast SEO plugin v26.9 - https:\/\/yoast.com\/product\/yoast-seo-wordpress\/ -->\n<title>Informazioni legali | Gandan Yourte<\/title>\n<meta name=\"robots\" content=\"index, follow, max-snippet:-1, max-image-preview:large, max-video-preview:-1\" \/>\n<link rel=\"canonical\" href=\"https:\/\/gandan-yourte.com\/it\/informazioni-legali\/\" \/>\n<meta property=\"og:locale\" content=\"it_IT\" \/>\n<meta property=\"og:type\" content=\"article\" \/>\n<meta property=\"og:title\" content=\"Informazioni legali | Gandan Yourte\" \/>\n<meta property=\"og:description\" content=\"La societ\u00e0 GANDAN YOURTE, preoccupata per i diritti delle persone, in particolare per quanto riguarda il trattamento automatizzato, e nel desiderio di trasparenza nei confronti dei propri clienti, ha messo in atto una politica che copre tutti i trattamenti di questo tipo, le finalit\u00e0 per cui vengono effettuati e i mezzi di azione a disposizione [&hellip;]\" \/>\n<meta property=\"og:url\" content=\"https:\/\/gandan-yourte.com\/it\/informazioni-legali\/\" \/>\n<meta property=\"og:site_name\" content=\"Gandan Yourte\" \/>\n<meta property=\"article:modified_time\" content=\"2025-07-17T07:29:16+00:00\" \/>\n<meta property=\"og:image\" content=\"https:\/\/gandan-yourte.com\/wp-content\/uploads\/BEIGE-1.jpg\" \/>\n\t<meta property=\"og:image:width\" content=\"685\" \/>\n\t<meta property=\"og:image:height\" content=\"685\" \/>\n\t<meta property=\"og:image:type\" content=\"image\/jpeg\" \/>\n<meta name=\"twitter:card\" content=\"summary_large_image\" \/>\n<meta name=\"twitter:label1\" content=\"Tempo di lettura stimato\" \/>\n\t<meta name=\"twitter:data1\" content=\"8 minuto\" \/>\n<script type=\"application\/ld+json\" class=\"yoast-schema-graph\">{\"@context\":\"https:\/\/schema.org\",\"@graph\":[{\"@type\":\"WebPage\",\"@id\":\"https:\/\/gandan-yourte.com\/it\/informazioni-legali\/\",\"url\":\"https:\/\/gandan-yourte.com\/it\/informazioni-legali\/\",\"name\":\"Informazioni legali | Gandan Yourte\",\"isPartOf\":{\"@id\":\"https:\/\/gandan-yourte.com\/it\/#website\"},\"datePublished\":\"2023-02-22T08:00:16+00:00\",\"dateModified\":\"2025-07-17T07:29:16+00:00\",\"breadcrumb\":{\"@id\":\"https:\/\/gandan-yourte.com\/it\/informazioni-legali\/#breadcrumb\"},\"inLanguage\":\"it-IT\",\"potentialAction\":[{\"@type\":\"ReadAction\",\"target\":[\"https:\/\/gandan-yourte.com\/it\/informazioni-legali\/\"]}]},{\"@type\":\"BreadcrumbList\",\"@id\":\"https:\/\/gandan-yourte.com\/it\/informazioni-legali\/#breadcrumb\",\"itemListElement\":[{\"@type\":\"ListItem\",\"position\":1,\"name\":\"Accueil\",\"item\":\"https:\/\/gandan-yourte.com\/it\/pagina-iniziale\/\"},{\"@type\":\"ListItem\",\"position\":2,\"name\":\"Informazioni legali\"}]},{\"@type\":\"WebSite\",\"@id\":\"https:\/\/gandan-yourte.com\/it\/#website\",\"url\":\"https:\/\/gandan-yourte.com\/it\/\",\"name\":\"Gandan Yourte\",\"description\":\"\",\"publisher\":{\"@id\":\"https:\/\/gandan-yourte.com\/it\/#organization\"},\"potentialAction\":[{\"@type\":\"SearchAction\",\"target\":{\"@type\":\"EntryPoint\",\"urlTemplate\":\"https:\/\/gandan-yourte.com\/it\/?s={search_term_string}\"},\"query-input\":{\"@type\":\"PropertyValueSpecification\",\"valueRequired\":true,\"valueName\":\"search_term_string\"}}],\"inLanguage\":\"it-IT\"},{\"@type\":\"Organization\",\"@id\":\"https:\/\/gandan-yourte.com\/it\/#organization\",\"name\":\"Gandan Yourte\",\"url\":\"https:\/\/gandan-yourte.com\/it\/\",\"logo\":{\"@type\":\"ImageObject\",\"inLanguage\":\"it-IT\",\"@id\":\"https:\/\/gandan-yourte.com\/it\/#\/schema\/logo\/image\/\",\"url\":\"https:\/\/gandan-yourte.com\/wp-content\/uploads\/cropped-Logo-essai-1-GY-haute-def-avec-transparence-3508x1772px-1.png\",\"contentUrl\":\"https:\/\/gandan-yourte.com\/wp-content\/uploads\/cropped-Logo-essai-1-GY-haute-def-avec-transparence-3508x1772px-1.png\",\"width\":3506,\"height\":1772,\"caption\":\"Gandan Yourte\"},\"image\":{\"@id\":\"https:\/\/gandan-yourte.com\/it\/#\/schema\/logo\/image\/\"}}]}<\/script>\n<!-- \/ Yoast SEO plugin. -->","yoast_head_json":{"title":"Informazioni legali | Gandan Yourte","robots":{"index":"index","follow":"follow","max-snippet":"max-snippet:-1","max-image-preview":"max-image-preview:large","max-video-preview":"max-video-preview:-1"},"canonical":"https:\/\/gandan-yourte.com\/it\/informazioni-legali\/","og_locale":"it_IT","og_type":"article","og_title":"Informazioni legali | Gandan Yourte","og_description":"La societ\u00e0 GANDAN YOURTE, preoccupata per i diritti delle persone, in particolare per quanto riguarda il trattamento automatizzato, e nel desiderio di trasparenza nei confronti dei propri clienti, ha messo in atto una politica che copre tutti i trattamenti di questo tipo, le finalit\u00e0 per cui vengono effettuati e i mezzi di azione a disposizione [&hellip;]","og_url":"https:\/\/gandan-yourte.com\/it\/informazioni-legali\/","og_site_name":"Gandan Yourte","article_modified_time":"2025-07-17T07:29:16+00:00","og_image":[{"width":685,"height":685,"url":"https:\/\/gandan-yourte.com\/wp-content\/uploads\/BEIGE-1.jpg","type":"image\/jpeg"}],"twitter_card":"summary_large_image","twitter_misc":{"Tempo di lettura stimato":"8 minuto"},"schema":{"@context":"https:\/\/schema.org","@graph":[{"@type":"WebPage","@id":"https:\/\/gandan-yourte.com\/it\/informazioni-legali\/","url":"https:\/\/gandan-yourte.com\/it\/informazioni-legali\/","name":"Informazioni legali | Gandan Yourte","isPartOf":{"@id":"https:\/\/gandan-yourte.com\/it\/#website"},"datePublished":"2023-02-22T08:00:16+00:00","dateModified":"2025-07-17T07:29:16+00:00","breadcrumb":{"@id":"https:\/\/gandan-yourte.com\/it\/informazioni-legali\/#breadcrumb"},"inLanguage":"it-IT","potentialAction":[{"@type":"ReadAction","target":["https:\/\/gandan-yourte.com\/it\/informazioni-legali\/"]}]},{"@type":"BreadcrumbList","@id":"https:\/\/gandan-yourte.com\/it\/informazioni-legali\/#breadcrumb","itemListElement":[{"@type":"ListItem","position":1,"name":"Accueil","item":"https:\/\/gandan-yourte.com\/it\/pagina-iniziale\/"},{"@type":"ListItem","position":2,"name":"Informazioni legali"}]},{"@type":"WebSite","@id":"https:\/\/gandan-yourte.com\/it\/#website","url":"https:\/\/gandan-yourte.com\/it\/","name":"Gandan Yourte","description":"","publisher":{"@id":"https:\/\/gandan-yourte.com\/it\/#organization"},"potentialAction":[{"@type":"SearchAction","target":{"@type":"EntryPoint","urlTemplate":"https:\/\/gandan-yourte.com\/it\/?s={search_term_string}"},"query-input":{"@type":"PropertyValueSpecification","valueRequired":true,"valueName":"search_term_string"}}],"inLanguage":"it-IT"},{"@type":"Organization","@id":"https:\/\/gandan-yourte.com\/it\/#organization","name":"Gandan Yourte","url":"https:\/\/gandan-yourte.com\/it\/","logo":{"@type":"ImageObject","inLanguage":"it-IT","@id":"https:\/\/gandan-yourte.com\/it\/#\/schema\/logo\/image\/","url":"https:\/\/gandan-yourte.com\/wp-content\/uploads\/cropped-Logo-essai-1-GY-haute-def-avec-transparence-3508x1772px-1.png","contentUrl":"https:\/\/gandan-yourte.com\/wp-content\/uploads\/cropped-Logo-essai-1-GY-haute-def-avec-transparence-3508x1772px-1.png","width":3506,"height":1772,"caption":"Gandan Yourte"},"image":{"@id":"https:\/\/gandan-yourte.com\/it\/#\/schema\/logo\/image\/"}}]}},"_links":{"self":[{"href":"https:\/\/gandan-yourte.com\/it\/wp-json\/wp\/v2\/pages\/7319","targetHints":{"allow":["GET"]}}],"collection":[{"href":"https:\/\/gandan-yourte.com\/it\/wp-json\/wp\/v2\/pages"}],"about":[{"href":"https:\/\/gandan-yourte.com\/it\/wp-json\/wp\/v2\/types\/page"}],"author":[{"embeddable":true,"href":"https:\/\/gandan-yourte.com\/it\/wp-json\/wp\/v2\/users\/2"}],"replies":[{"embeddable":true,"href":"https:\/\/gandan-yourte.com\/it\/wp-json\/wp\/v2\/comments?post=7319"}],"version-history":[{"count":1,"href":"https:\/\/gandan-yourte.com\/it\/wp-json\/wp\/v2\/pages\/7319\/revisions"}],"predecessor-version":[{"id":7320,"href":"https:\/\/gandan-yourte.com\/it\/wp-json\/wp\/v2\/pages\/7319\/revisions\/7320"}],"wp:attachment":[{"href":"https:\/\/gandan-yourte.com\/it\/wp-json\/wp\/v2\/media?parent=7319"}],"curies":[{"name":"wp","href":"https:\/\/api.w.org\/{rel}","templated":true}]}}