{"id":7296,"date":"2024-02-06T12:09:24","date_gmt":"2024-02-06T11:09:24","guid":{"rendered":"https:\/\/gandan-yourte.com\/avvisi\/"},"modified":"2025-07-17T09:28:48","modified_gmt":"2025-07-17T07:28:48","slug":"avvisi","status":"publish","type":"page","link":"https:\/\/gandan-yourte.com\/it\/avvisi\/","title":{"rendered":"Avvisi"},"content":{"rendered":"\t\t<div data-elementor-type=\"wp-page\" data-elementor-id=\"7296\" class=\"elementor elementor-7296 elementor-1718\" data-elementor-post-type=\"page\">\n\t\t\t\t<div class=\"elementor-element elementor-element-52e3c54 e-flex e-con-boxed e-con e-parent\" data-id=\"52e3c54\" data-element_type=\"container\" data-e-type=\"container\" data-settings=\"{&quot;jet_parallax_layout_list&quot;:[]}\">\n\t\t\t\t\t<div class=\"e-con-inner\">\n\t\t<div class=\"elementor-element elementor-element-8b3a329 e-con-full e-flex e-con e-child\" data-id=\"8b3a329\" data-element_type=\"container\" data-e-type=\"container\" data-settings=\"{&quot;jet_parallax_layout_list&quot;:[]}\">\n\t\t\t\t<div class=\"elementor-element elementor-element-c6e7ca9 elementor-widget elementor-widget-heading\" data-id=\"c6e7ca9\" data-element_type=\"widget\" data-e-type=\"widget\" data-widget_type=\"heading.default\">\n\t\t\t\t<div class=\"elementor-widget-container\">\n\t\t\t\t\t<span class=\"elementor-heading-title elementor-size-default\">Istruzioni per l'uso<\/span>\t\t\t\t<\/div>\n\t\t\t\t<\/div>\n\t\t\t\t<div class=\"elementor-element elementor-element-e3e5355 elementor-widget elementor-widget-heading\" data-id=\"e3e5355\" data-element_type=\"widget\" data-e-type=\"widget\" data-widget_type=\"heading.default\">\n\t\t\t\t<div class=\"elementor-widget-container\">\n\t\t\t\t\t<h2 class=\"elementor-heading-title elementor-size-default\">SCOPRI I NOSTRI OPUSCOLI<\/h2>\t\t\t\t<\/div>\n\t\t\t\t<\/div>\n\t\t\t\t<div class=\"elementor-element elementor-element-da62b3f elementor-widget elementor-widget-text-editor\" data-id=\"da62b3f\" data-element_type=\"widget\" data-e-type=\"widget\" data-widget_type=\"text-editor.default\">\n\t\t\t\t<div class=\"elementor-widget-container\">\n\t\t\t\t\t\t\t\t\t<p>Siete sempre di pi\u00f9 a riporre la vostra fiducia in noi e per questo vi ringraziamo.<br>Ogni nostra yurta \u00e8 fatta a mano per garantire una perfetta solidit\u00e0: a differenza di una macchina, il taglio a mano nella direzione delle venature preserva i nodi del legno e garantisce una migliore tenuta. Inoltre, rende ogni yurta unica! <\/p>\t\t\t\t\t\t\t\t<\/div>\n\t\t\t\t<\/div>\n\t\t\t\t<\/div>\n\t\t\t\t\t<\/div>\n\t\t\t\t<\/div>\n\t\t<div class=\"elementor-element elementor-element-a4f2a18 e-flex e-con-boxed e-con e-parent\" data-id=\"a4f2a18\" data-element_type=\"container\" data-e-type=\"container\" data-settings=\"{&quot;jet_parallax_layout_list&quot;:[]}\">\n\t\t\t\t\t<div class=\"e-con-inner\">\n\t\t<div class=\"elementor-element elementor-element-acbe10a e-con-full e-flex e-con e-child\" data-id=\"acbe10a\" data-element_type=\"container\" data-e-type=\"container\" data-settings=\"{&quot;jet_parallax_layout_list&quot;:[]}\">\n\t\t\t\t<div class=\"elementor-element elementor-element-d9a9eee elementor-widget__width-inherit elementor-widget elementor-widget-heading\" data-id=\"d9a9eee\" data-element_type=\"widget\" data-e-type=\"widget\" data-widget_type=\"heading.default\">\n\t\t\t\t<div class=\"elementor-widget-container\">\n\t\t\t\t\t<h3 class=\"elementor-heading-title elementor-size-default\">AVVISI DELL'ASSEMBLEA<\/h3>\t\t\t\t<\/div>\n\t\t\t\t<\/div>\n\t\t\t\t<\/div>\n\t\t<div class=\"elementor-element elementor-element-1f7de42 e-con-full e-flex e-con e-child\" data-id=\"1f7de42\" data-element_type=\"container\" data-e-type=\"container\" data-settings=\"{&quot;jet_parallax_layout_list&quot;:[]}\">\n\t\t\t\t<div class=\"elementor-element elementor-element-268c8a5 elementor-widget elementor-widget-heading\" data-id=\"268c8a5\" data-element_type=\"widget\" data-e-type=\"widget\" data-widget_type=\"heading.default\">\n\t\t\t\t<div class=\"elementor-widget-container\">\n\t\t\t\t\t<span class=\"elementor-heading-title elementor-size-default\">N\u00c9O<\/span>\t\t\t\t<\/div>\n\t\t\t\t<\/div>\n\t\t\t\t<div class=\"elementor-element elementor-element-d37556c elementor-align-justify elementor-widget elementor-widget-button\" data-id=\"d37556c\" data-element_type=\"widget\" data-e-type=\"widget\" data-widget_type=\"button.default\">\n\t\t\t\t<div class=\"elementor-widget-container\">\n\t\t\t\t\t\t\t\t\t<div class=\"elementor-button-wrapper\">\n\t\t\t\t\t<a class=\"elementor-button elementor-button-link elementor-size-sm\" href=\"https:\/\/gandan-yourte.com\/wp-content\/uploads\/Notice-de-montage-Yourte-Neo-Techniplus-1.pdf\">\n\t\t\t\t\t\t<span class=\"elementor-button-content-wrapper\">\n\t\t\t\t\t\t<span class=\"elementor-button-icon\">\n\t\t\t\t<i aria-hidden=\"true\" class=\"far fa-file-pdf\"><\/i>\t\t\t<\/span>\n\t\t\t\t\t\t\t\t\t<span class=\"elementor-button-text\">Istruzioni di montaggio della NEO Yurt e del telo TECHNIPLUS<\/span>\n\t\t\t\t\t<\/span>\n\t\t\t\t\t<\/a>\n\t\t\t\t<\/div>\n\t\t\t\t\t\t\t\t<\/div>\n\t\t\t\t<\/div>\n\t\t\t\t<div class=\"elementor-element elementor-element-65fae30 elementor-align-justify elementor-widget elementor-widget-button\" data-id=\"65fae30\" data-element_type=\"widget\" data-e-type=\"widget\" data-widget_type=\"button.default\">\n\t\t\t\t<div class=\"elementor-widget-container\">\n\t\t\t\t\t\t\t\t\t<div class=\"elementor-button-wrapper\">\n\t\t\t\t\t<a class=\"elementor-button elementor-button-link elementor-size-sm\" href=\"https:\/\/gandan-yourte.com\/wp-content\/uploads\/Notice-de-montage-Yourte-Tradi-toile-Techniplus-1.pdf\">\n\t\t\t\t\t\t<span class=\"elementor-button-content-wrapper\">\n\t\t\t\t\t\t<span class=\"elementor-button-icon\">\n\t\t\t\t<i aria-hidden=\"true\" class=\"far fa-file-pdf\"><\/i>\t\t\t<\/span>\n\t\t\t\t\t\t\t\t\t<span class=\"elementor-button-text\">Istruzioni per il montaggio della Yurta TRADI e del telo TECHNIPLUS<\/span>\n\t\t\t\t\t<\/span>\n\t\t\t\t\t<\/a>\n\t\t\t\t<\/div>\n\t\t\t\t\t\t\t\t<\/div>\n\t\t\t\t<\/div>\n\t\t\t\t<\/div>\n\t\t<div class=\"elementor-element elementor-element-842c8a4 e-con-full e-flex e-con e-child\" data-id=\"842c8a4\" data-element_type=\"container\" data-e-type=\"container\" data-settings=\"{&quot;jet_parallax_layout_list&quot;:[]}\">\n\t\t\t\t<div class=\"elementor-element elementor-element-447ced9 elementor-widget elementor-widget-heading\" data-id=\"447ced9\" data-element_type=\"widget\" data-e-type=\"widget\" data-widget_type=\"heading.default\">\n\t\t\t\t<div class=\"elementor-widget-container\">\n\t\t\t\t\t<span class=\"elementor-heading-title elementor-size-default\">Tradi<\/span>\t\t\t\t<\/div>\n\t\t\t\t<\/div>\n\t\t\t\t<div class=\"elementor-element elementor-element-49c16bf elementor-align-justify elementor-widget elementor-widget-button\" data-id=\"49c16bf\" data-element_type=\"widget\" data-e-type=\"widget\" data-widget_type=\"button.default\">\n\t\t\t\t<div class=\"elementor-widget-container\">\n\t\t\t\t\t\t\t\t\t<div class=\"elementor-button-wrapper\">\n\t\t\t\t\t<a class=\"elementor-button elementor-button-link elementor-size-sm\" href=\"https:\/\/gandan-yourte.com\/wp-content\/uploads\/Notice-de-montage-Yourte-Neo.pdf\">\n\t\t\t\t\t\t<span class=\"elementor-button-content-wrapper\">\n\t\t\t\t\t\t<span class=\"elementor-button-icon\">\n\t\t\t\t<i aria-hidden=\"true\" class=\"far fa-file-pdf\"><\/i>\t\t\t<\/span>\n\t\t\t\t\t\t\t\t\t<span class=\"elementor-button-text\">Istruzioni per il montaggio della NEO Yurta e della tela TRADIZIONALE<\/span>\n\t\t\t\t\t<\/span>\n\t\t\t\t\t<\/a>\n\t\t\t\t<\/div>\n\t\t\t\t\t\t\t\t<\/div>\n\t\t\t\t<\/div>\n\t\t\t\t<div class=\"elementor-element elementor-element-4ef1733 elementor-align-justify elementor-widget elementor-widget-button\" data-id=\"4ef1733\" data-element_type=\"widget\" data-e-type=\"widget\" data-widget_type=\"button.default\">\n\t\t\t\t<div class=\"elementor-widget-container\">\n\t\t\t\t\t\t\t\t\t<div class=\"elementor-button-wrapper\">\n\t\t\t\t\t<a class=\"elementor-button elementor-button-link elementor-size-sm\" href=\"https:\/\/gandan-yourte.com\/wp-content\/uploads\/Notice-de-montage-Yourte-Tradi.pdf\">\n\t\t\t\t\t\t<span class=\"elementor-button-content-wrapper\">\n\t\t\t\t\t\t<span class=\"elementor-button-icon\">\n\t\t\t\t<i aria-hidden=\"true\" class=\"far fa-file-pdf\"><\/i>\t\t\t<\/span>\n\t\t\t\t\t\t\t\t\t<span class=\"elementor-button-text\">Istruzioni per il montaggio della Yurta TRADI e della tela TRADIZIONALE<\/span>\n\t\t\t\t\t<\/span>\n\t\t\t\t\t<\/a>\n\t\t\t\t<\/div>\n\t\t\t\t\t\t\t\t<\/div>\n\t\t\t\t<\/div>\n\t\t\t\t<\/div>\n\t\t\t\t\t<\/div>\n\t\t\t\t<\/div>\n\t\t<div class=\"elementor-element elementor-element-ca5fc08 e-flex e-con-boxed e-con e-parent\" data-id=\"ca5fc08\" data-element_type=\"container\" data-e-type=\"container\" data-settings=\"{&quot;jet_parallax_layout_list&quot;:[]}\">\n\t\t\t\t\t<div class=\"e-con-inner\">\n\t\t\t\t<div class=\"elementor-element elementor-element-5568115 elementor-widget__width-inherit elementor-widget elementor-widget-heading\" data-id=\"5568115\" data-element_type=\"widget\" data-e-type=\"widget\" data-widget_type=\"heading.default\">\n\t\t\t\t<div class=\"elementor-widget-container\">\n\t\t\t\t\t<h3 class=\"elementor-heading-title elementor-size-default\">Istruzioni per il trattamento e la manutenzione dei tessuti per esterni<\/h3>\t\t\t\t<\/div>\n\t\t\t\t<\/div>\n\t\t\t\t<div class=\"elementor-element elementor-element-7163edb elementor-align-justify elementor-widget__width-initial elementor-widget-tablet__width-initial elementor-widget elementor-widget-button\" data-id=\"7163edb\" data-element_type=\"widget\" data-e-type=\"widget\" data-widget_type=\"button.default\">\n\t\t\t\t<div class=\"elementor-widget-container\">\n\t\t\t\t\t\t\t\t\t<div class=\"elementor-button-wrapper\">\n\t\t\t\t\t<a class=\"elementor-button elementor-button-link elementor-size-sm\" href=\"https:\/\/gandan-yourte.com\/wp-content\/uploads\/NOTICE-ENTRETIEN-TOILE-TECHNIPLUS.pdf\">\n\t\t\t\t\t\t<span class=\"elementor-button-content-wrapper\">\n\t\t\t\t\t\t<span class=\"elementor-button-icon\">\n\t\t\t\t<i aria-hidden=\"true\" class=\"far fa-file-pdf\"><\/i>\t\t\t<\/span>\n\t\t\t\t\t\t\t\t\t<span class=\"elementor-button-text\">Istruzioni per la manutenzione della Tela TECHNIPLUS<\/span>\n\t\t\t\t\t<\/span>\n\t\t\t\t\t<\/a>\n\t\t\t\t<\/div>\n\t\t\t\t\t\t\t\t<\/div>\n\t\t\t\t<\/div>\n\t\t\t\t<div class=\"elementor-element elementor-element-9faa5c5 elementor-align-justify elementor-widget__width-initial elementor-widget-tablet__width-initial elementor-widget elementor-widget-button\" data-id=\"9faa5c5\" data-element_type=\"widget\" data-e-type=\"widget\" data-widget_type=\"button.default\">\n\t\t\t\t<div class=\"elementor-widget-container\">\n\t\t\t\t\t\t\t\t\t<div class=\"elementor-button-wrapper\">\n\t\t\t\t\t<a class=\"elementor-button elementor-button-link elementor-size-sm\" href=\"https:\/\/gandan-yourte.com\/wp-content\/uploads\/Notice-traitement-ANTI-UV-toile-TRADITIONNELLE.pdf\">\n\t\t\t\t\t\t<span class=\"elementor-button-content-wrapper\">\n\t\t\t\t\t\t<span class=\"elementor-button-icon\">\n\t\t\t\t<i aria-hidden=\"true\" class=\"far fa-file-pdf\"><\/i>\t\t\t<\/span>\n\t\t\t\t\t\t\t\t\t<span class=\"elementor-button-text\">Foglio illustrativo del trattamento anti-UV Toile TRADITIONNELLE<\/span>\n\t\t\t\t\t<\/span>\n\t\t\t\t\t<\/a>\n\t\t\t\t<\/div>\n\t\t\t\t\t\t\t\t<\/div>\n\t\t\t\t<\/div>\n\t\t\t\t<div class=\"elementor-element elementor-element-fef71c5 elementor-align-justify elementor-widget__width-initial elementor-widget-tablet__width-initial elementor-widget elementor-widget-button\" data-id=\"fef71c5\" data-element_type=\"widget\" data-e-type=\"widget\" data-widget_type=\"button.default\">\n\t\t\t\t<div class=\"elementor-widget-container\">\n\t\t\t\t\t\t\t\t\t<div class=\"elementor-button-wrapper\">\n\t\t\t\t\t<a class=\"elementor-button elementor-button-link elementor-size-sm\" href=\"https:\/\/gandan-yourte.com\/wp-content\/uploads\/Notice-traitement-DEPERLANT-toile-TRADITIONNELLE.pdf\">\n\t\t\t\t\t\t<span class=\"elementor-button-content-wrapper\">\n\t\t\t\t\t\t<span class=\"elementor-button-icon\">\n\t\t\t\t<i aria-hidden=\"true\" class=\"far fa-file-pdf\"><\/i>\t\t\t<\/span>\n\t\t\t\t\t\t\t\t\t<span class=\"elementor-button-text\">Istruzioni per il trattamento DEPERLANT Toile TRADITIONNELLE<\/span>\n\t\t\t\t\t<\/span>\n\t\t\t\t\t<\/a>\n\t\t\t\t<\/div>\n\t\t\t\t\t\t\t\t<\/div>\n\t\t\t\t<\/div>\n\t\t\t\t<div class=\"elementor-element elementor-element-ebda8a8 elementor-align-justify elementor-widget__width-initial elementor-widget-mobile__width-initial elementor-widget elementor-widget-button\" data-id=\"ebda8a8\" data-element_type=\"widget\" data-e-type=\"widget\" data-widget_type=\"button.default\">\n\t\t\t\t<div class=\"elementor-widget-container\">\n\t\t\t\t\t\t\t\t\t<div class=\"elementor-button-wrapper\">\n\t\t\t\t\t<a class=\"elementor-button elementor-button-link elementor-size-sm\" href=\"https:\/\/gandan-yourte.com\/wp-content\/uploads\/Notice-traitement-DUO-DEPERLANT-et-ANTI-UV-toile-TRADITIONNELLE.pdf\">\n\t\t\t\t\t\t<span class=\"elementor-button-content-wrapper\">\n\t\t\t\t\t\t<span class=\"elementor-button-icon\">\n\t\t\t\t<i aria-hidden=\"true\" class=\"far fa-file-pdf\"><\/i>\t\t\t<\/span>\n\t\t\t\t\t\t\t\t\t<span class=\"elementor-button-text\">Manuale di trattamento DUO DEPERLANT e ANTI-UV Toile TRADITIONNELLE<\/span>\n\t\t\t\t\t<\/span>\n\t\t\t\t\t<\/a>\n\t\t\t\t<\/div>\n\t\t\t\t\t\t\t\t<\/div>\n\t\t\t\t<\/div>\n\t\t\t\t<div class=\"elementor-element elementor-element-df3f97c elementor-align-justify elementor-tablet-align-center elementor-widget__width-initial elementor-widget-tablet__width-initial elementor-widget elementor-widget-button\" data-id=\"df3f97c\" data-element_type=\"widget\" data-e-type=\"widget\" data-widget_type=\"button.default\">\n\t\t\t\t<div class=\"elementor-widget-container\">\n\t\t\t\t\t\t\t\t\t<div class=\"elementor-button-wrapper\">\n\t\t\t\t\t<a class=\"elementor-button elementor-button-link elementor-size-sm\" href=\"https:\/\/gandan-yourte.com\/wp-content\/uploads\/Notice-produit-nettoyant.pdf\">\n\t\t\t\t\t\t<span class=\"elementor-button-content-wrapper\">\n\t\t\t\t\t\t<span class=\"elementor-button-icon\">\n\t\t\t\t<i aria-hidden=\"true\" class=\"far fa-file-pdf\"><\/i>\t\t\t<\/span>\n\t\t\t\t\t\t\t\t\t<span class=\"elementor-button-text\">Istruzioni per il trattamento NETTOYANT Toile TRADITIONNELLE<\/span>\n\t\t\t\t\t<\/span>\n\t\t\t\t\t<\/a>\n\t\t\t\t<\/div>\n\t\t\t\t\t\t\t\t<\/div>\n\t\t\t\t<\/div>\n\t\t\t\t\t<\/div>\n\t\t\t\t<\/div>\n\t\t<div class=\"elementor-element elementor-element-d3d91db e-flex e-con-boxed e-con e-parent\" data-id=\"d3d91db\" data-element_type=\"container\" data-e-type=\"container\" data-settings=\"{&quot;jet_parallax_layout_list&quot;:[]}\">\n\t\t\t\t\t<div class=\"e-con-inner\">\n\t\t\t\t<div class=\"elementor-element elementor-element-f2afe18 elementor-widget__width-inherit elementor-widget elementor-widget-heading\" data-id=\"f2afe18\" data-element_type=\"widget\" data-e-type=\"widget\" data-widget_type=\"heading.default\">\n\t\t\t\t<div class=\"elementor-widget-container\">\n\t\t\t\t\t<h3 class=\"elementor-heading-title elementor-size-default\">Istruzioni per il trattamento e la manutenzione dei tessuti per esterni<\/h3>\t\t\t\t<\/div>\n\t\t\t\t<\/div>\n\t\t\t\t<div class=\"elementor-element elementor-element-bdcea53 elementor-align-center elementor-widget elementor-widget-button\" data-id=\"bdcea53\" data-element_type=\"widget\" data-e-type=\"widget\" data-widget_type=\"button.default\">\n\t\t\t\t<div class=\"elementor-widget-container\">\n\t\t\t\t\t\t\t\t\t<div class=\"elementor-button-wrapper\">\n\t\t\t\t\t<a class=\"elementor-button elementor-button-link elementor-size-sm\" href=\"https:\/\/gandan-yourte.com\/wp-content\/uploads\/Toile-Techniplus-sur-mesure-prise-de-dimensions.pdf\">\n\t\t\t\t\t\t<span class=\"elementor-button-content-wrapper\">\n\t\t\t\t\t\t<span class=\"elementor-button-icon\">\n\t\t\t\t<i aria-hidden=\"true\" class=\"far fa-file-pdf\"><\/i>\t\t\t<\/span>\n\t\t\t\t\t\t\t\t\t<span class=\"elementor-button-text\">Misure per la Tela Personalizzata TECHNIPLUS<\/span>\n\t\t\t\t\t<\/span>\n\t\t\t\t\t<\/a>\n\t\t\t\t<\/div>\n\t\t\t\t\t\t\t\t<\/div>\n\t\t\t\t<\/div>\n\t\t\t\t\t<\/div>\n\t\t\t\t<\/div>\n\t\t\t\t<\/div>\n\t\t","protected":false},"excerpt":{"rendered":"<p>Istruzioni per l&#8217;uso SCOPRI I NOSTRI OPUSCOLI Siete sempre di pi\u00f9 a riporre la vostra fiducia in noi e per questo vi ringraziamo.Ogni nostra yurta \u00e8 fatta a mano per garantire una perfetta solidit\u00e0: a differenza di una macchina, il taglio a mano nella direzione delle venature preserva i nodi del legno e garantisce una [&hellip;]<\/p>\n","protected":false},"author":2,"featured_media":5733,"parent":0,"menu_order":0,"comment_status":"closed","ping_status":"closed","template":"","meta":{"footnotes":""},"class_list":["post-7296","page","type-page","status-publish","has-post-thumbnail","hentry"],"yoast_head":"<!-- This site is optimized with the Yoast SEO plugin v26.9 - https:\/\/yoast.com\/product\/yoast-seo-wordpress\/ -->\n<title>Manuali di montaggio e manutenzione | Gandan Yourte<\/title>\n<meta name=\"description\" content=\"Scarica le istruzioni di montaggio, manutenzione e utilizzo delle nostre yurte. Tutti i passaggi per un utilizzo semplice e duraturo.\" \/>\n<meta name=\"robots\" content=\"index, follow, max-snippet:-1, max-image-preview:large, max-video-preview:-1\" \/>\n<link rel=\"canonical\" href=\"https:\/\/gandan-yourte.com\/it\/avvisi\/\" \/>\n<meta property=\"og:locale\" content=\"it_IT\" \/>\n<meta property=\"og:type\" content=\"article\" \/>\n<meta property=\"og:title\" content=\"Manuali di montaggio e manutenzione | Gandan Yourte\" \/>\n<meta property=\"og:description\" content=\"Scarica le istruzioni di montaggio, manutenzione e utilizzo delle nostre yurte. Tutti i passaggi per un utilizzo semplice e duraturo.\" \/>\n<meta property=\"og:url\" content=\"https:\/\/gandan-yourte.com\/it\/avvisi\/\" \/>\n<meta property=\"og:site_name\" content=\"Gandan Yourte\" \/>\n<meta property=\"article:modified_time\" content=\"2025-07-17T07:28:48+00:00\" \/>\n<meta property=\"og:image\" content=\"https:\/\/gandan-yourte.com\/wp-content\/uploads\/51.jpg\" \/>\n\t<meta property=\"og:image:width\" content=\"1900\" \/>\n\t<meta property=\"og:image:height\" content=\"1262\" \/>\n\t<meta property=\"og:image:type\" content=\"image\/jpeg\" \/>\n<meta name=\"twitter:card\" content=\"summary_large_image\" \/>\n<meta name=\"twitter:label1\" content=\"Tempo di lettura stimato\" \/>\n\t<meta name=\"twitter:data1\" content=\"1 minuto\" \/>\n<script type=\"application\/ld+json\" class=\"yoast-schema-graph\">{\"@context\":\"https:\/\/schema.org\",\"@graph\":[{\"@type\":\"WebPage\",\"@id\":\"https:\/\/gandan-yourte.com\/it\/avvisi\/\",\"url\":\"https:\/\/gandan-yourte.com\/it\/avvisi\/\",\"name\":\"Manuali di montaggio e manutenzione | Gandan Yourte\",\"isPartOf\":{\"@id\":\"https:\/\/gandan-yourte.com\/it\/#website\"},\"primaryImageOfPage\":{\"@id\":\"https:\/\/gandan-yourte.com\/it\/avvisi\/#primaryimage\"},\"image\":{\"@id\":\"https:\/\/gandan-yourte.com\/it\/avvisi\/#primaryimage\"},\"thumbnailUrl\":\"https:\/\/gandan-yourte.com\/wp-content\/uploads\/51.jpg\",\"datePublished\":\"2024-02-06T11:09:24+00:00\",\"dateModified\":\"2025-07-17T07:28:48+00:00\",\"description\":\"Scarica le istruzioni di montaggio, manutenzione e utilizzo delle nostre yurte. Tutti i passaggi per un utilizzo semplice e duraturo.\",\"breadcrumb\":{\"@id\":\"https:\/\/gandan-yourte.com\/it\/avvisi\/#breadcrumb\"},\"inLanguage\":\"it-IT\",\"potentialAction\":[{\"@type\":\"ReadAction\",\"target\":[\"https:\/\/gandan-yourte.com\/it\/avvisi\/\"]}]},{\"@type\":\"ImageObject\",\"inLanguage\":\"it-IT\",\"@id\":\"https:\/\/gandan-yourte.com\/it\/avvisi\/#primaryimage\",\"url\":\"https:\/\/gandan-yourte.com\/wp-content\/uploads\/51.jpg\",\"contentUrl\":\"https:\/\/gandan-yourte.com\/wp-content\/uploads\/51.jpg\",\"width\":1900,\"height\":1262},{\"@type\":\"BreadcrumbList\",\"@id\":\"https:\/\/gandan-yourte.com\/it\/avvisi\/#breadcrumb\",\"itemListElement\":[{\"@type\":\"ListItem\",\"position\":1,\"name\":\"Accueil\",\"item\":\"https:\/\/gandan-yourte.com\/it\/pagina-iniziale\/\"},{\"@type\":\"ListItem\",\"position\":2,\"name\":\"Avvisi\"}]},{\"@type\":\"WebSite\",\"@id\":\"https:\/\/gandan-yourte.com\/it\/#website\",\"url\":\"https:\/\/gandan-yourte.com\/it\/\",\"name\":\"Gandan Yourte\",\"description\":\"\",\"publisher\":{\"@id\":\"https:\/\/gandan-yourte.com\/it\/#organization\"},\"potentialAction\":[{\"@type\":\"SearchAction\",\"target\":{\"@type\":\"EntryPoint\",\"urlTemplate\":\"https:\/\/gandan-yourte.com\/it\/?s={search_term_string}\"},\"query-input\":{\"@type\":\"PropertyValueSpecification\",\"valueRequired\":true,\"valueName\":\"search_term_string\"}}],\"inLanguage\":\"it-IT\"},{\"@type\":\"Organization\",\"@id\":\"https:\/\/gandan-yourte.com\/it\/#organization\",\"name\":\"Gandan Yourte\",\"url\":\"https:\/\/gandan-yourte.com\/it\/\",\"logo\":{\"@type\":\"ImageObject\",\"inLanguage\":\"it-IT\",\"@id\":\"https:\/\/gandan-yourte.com\/it\/#\/schema\/logo\/image\/\",\"url\":\"https:\/\/gandan-yourte.com\/wp-content\/uploads\/cropped-Logo-essai-1-GY-haute-def-avec-transparence-3508x1772px-1.png\",\"contentUrl\":\"https:\/\/gandan-yourte.com\/wp-content\/uploads\/cropped-Logo-essai-1-GY-haute-def-avec-transparence-3508x1772px-1.png\",\"width\":3506,\"height\":1772,\"caption\":\"Gandan Yourte\"},\"image\":{\"@id\":\"https:\/\/gandan-yourte.com\/it\/#\/schema\/logo\/image\/\"}}]}<\/script>\n<!-- \/ Yoast SEO plugin. -->","yoast_head_json":{"title":"Manuali di montaggio e manutenzione | Gandan Yourte","description":"Scarica le istruzioni di montaggio, manutenzione e utilizzo delle nostre yurte. Tutti i passaggi per un utilizzo semplice e duraturo.","robots":{"index":"index","follow":"follow","max-snippet":"max-snippet:-1","max-image-preview":"max-image-preview:large","max-video-preview":"max-video-preview:-1"},"canonical":"https:\/\/gandan-yourte.com\/it\/avvisi\/","og_locale":"it_IT","og_type":"article","og_title":"Manuali di montaggio e manutenzione | Gandan Yourte","og_description":"Scarica le istruzioni di montaggio, manutenzione e utilizzo delle nostre yurte. Tutti i passaggi per un utilizzo semplice e duraturo.","og_url":"https:\/\/gandan-yourte.com\/it\/avvisi\/","og_site_name":"Gandan Yourte","article_modified_time":"2025-07-17T07:28:48+00:00","og_image":[{"width":1900,"height":1262,"url":"https:\/\/gandan-yourte.com\/wp-content\/uploads\/51.jpg","type":"image\/jpeg"}],"twitter_card":"summary_large_image","twitter_misc":{"Tempo di lettura stimato":"1 minuto"},"schema":{"@context":"https:\/\/schema.org","@graph":[{"@type":"WebPage","@id":"https:\/\/gandan-yourte.com\/it\/avvisi\/","url":"https:\/\/gandan-yourte.com\/it\/avvisi\/","name":"Manuali di montaggio e manutenzione | Gandan Yourte","isPartOf":{"@id":"https:\/\/gandan-yourte.com\/it\/#website"},"primaryImageOfPage":{"@id":"https:\/\/gandan-yourte.com\/it\/avvisi\/#primaryimage"},"image":{"@id":"https:\/\/gandan-yourte.com\/it\/avvisi\/#primaryimage"},"thumbnailUrl":"https:\/\/gandan-yourte.com\/wp-content\/uploads\/51.jpg","datePublished":"2024-02-06T11:09:24+00:00","dateModified":"2025-07-17T07:28:48+00:00","description":"Scarica le istruzioni di montaggio, manutenzione e utilizzo delle nostre yurte. Tutti i passaggi per un utilizzo semplice e duraturo.","breadcrumb":{"@id":"https:\/\/gandan-yourte.com\/it\/avvisi\/#breadcrumb"},"inLanguage":"it-IT","potentialAction":[{"@type":"ReadAction","target":["https:\/\/gandan-yourte.com\/it\/avvisi\/"]}]},{"@type":"ImageObject","inLanguage":"it-IT","@id":"https:\/\/gandan-yourte.com\/it\/avvisi\/#primaryimage","url":"https:\/\/gandan-yourte.com\/wp-content\/uploads\/51.jpg","contentUrl":"https:\/\/gandan-yourte.com\/wp-content\/uploads\/51.jpg","width":1900,"height":1262},{"@type":"BreadcrumbList","@id":"https:\/\/gandan-yourte.com\/it\/avvisi\/#breadcrumb","itemListElement":[{"@type":"ListItem","position":1,"name":"Accueil","item":"https:\/\/gandan-yourte.com\/it\/pagina-iniziale\/"},{"@type":"ListItem","position":2,"name":"Avvisi"}]},{"@type":"WebSite","@id":"https:\/\/gandan-yourte.com\/it\/#website","url":"https:\/\/gandan-yourte.com\/it\/","name":"Gandan Yourte","description":"","publisher":{"@id":"https:\/\/gandan-yourte.com\/it\/#organization"},"potentialAction":[{"@type":"SearchAction","target":{"@type":"EntryPoint","urlTemplate":"https:\/\/gandan-yourte.com\/it\/?s={search_term_string}"},"query-input":{"@type":"PropertyValueSpecification","valueRequired":true,"valueName":"search_term_string"}}],"inLanguage":"it-IT"},{"@type":"Organization","@id":"https:\/\/gandan-yourte.com\/it\/#organization","name":"Gandan Yourte","url":"https:\/\/gandan-yourte.com\/it\/","logo":{"@type":"ImageObject","inLanguage":"it-IT","@id":"https:\/\/gandan-yourte.com\/it\/#\/schema\/logo\/image\/","url":"https:\/\/gandan-yourte.com\/wp-content\/uploads\/cropped-Logo-essai-1-GY-haute-def-avec-transparence-3508x1772px-1.png","contentUrl":"https:\/\/gandan-yourte.com\/wp-content\/uploads\/cropped-Logo-essai-1-GY-haute-def-avec-transparence-3508x1772px-1.png","width":3506,"height":1772,"caption":"Gandan Yourte"},"image":{"@id":"https:\/\/gandan-yourte.com\/it\/#\/schema\/logo\/image\/"}}]}},"_links":{"self":[{"href":"https:\/\/gandan-yourte.com\/it\/wp-json\/wp\/v2\/pages\/7296","targetHints":{"allow":["GET"]}}],"collection":[{"href":"https:\/\/gandan-yourte.com\/it\/wp-json\/wp\/v2\/pages"}],"about":[{"href":"https:\/\/gandan-yourte.com\/it\/wp-json\/wp\/v2\/types\/page"}],"author":[{"embeddable":true,"href":"https:\/\/gandan-yourte.com\/it\/wp-json\/wp\/v2\/users\/2"}],"replies":[{"embeddable":true,"href":"https:\/\/gandan-yourte.com\/it\/wp-json\/wp\/v2\/comments?post=7296"}],"version-history":[{"count":1,"href":"https:\/\/gandan-yourte.com\/it\/wp-json\/wp\/v2\/pages\/7296\/revisions"}],"predecessor-version":[{"id":7298,"href":"https:\/\/gandan-yourte.com\/it\/wp-json\/wp\/v2\/pages\/7296\/revisions\/7298"}],"wp:featuredmedia":[{"embeddable":true,"href":"https:\/\/gandan-yourte.com\/it\/wp-json\/wp\/v2\/media\/5733"}],"wp:attachment":[{"href":"https:\/\/gandan-yourte.com\/it\/wp-json\/wp\/v2\/media?parent=7296"}],"curies":[{"name":"wp","href":"https:\/\/api.w.org\/{rel}","templated":true}]}}