{"id":5947,"date":"2024-02-09T17:19:35","date_gmt":"2024-02-09T16:19:35","guid":{"rendered":"https:\/\/gandan-yourte.com\/cart\/"},"modified":"2025-04-23T15:15:47","modified_gmt":"2025-04-23T13:15:47","slug":"cart","status":"publish","type":"page","link":"https:\/\/gandan-yourte.com\/en\/cart\/","title":{"rendered":"Cart"},"content":{"rendered":"\t\t<div data-elementor-type=\"wp-page\" data-elementor-id=\"5947\" class=\"elementor elementor-5947 elementor-1851\" data-elementor-post-type=\"page\">\n\t\t\t\t<div class=\"elementor-element elementor-element-a6fe1d6 e-flex e-con-boxed e-con e-parent\" data-id=\"a6fe1d6\" data-element_type=\"container\" data-e-type=\"container\" data-settings=\"{&quot;jet_parallax_layout_list&quot;:[]}\">\n\t\t\t\t\t<div class=\"e-con-inner\">\n\t\t\t\t<div class=\"elementor-element elementor-element-14a7430 e-cart-layout-two-column elementor-widget elementor-widget-woocommerce-cart\" data-id=\"14a7430\" data-element_type=\"widget\" data-e-type=\"widget\" data-settings=\"{&quot;update_cart_automatically&quot;:&quot;yes&quot;}\" data-widget_type=\"woocommerce-cart.default\">\n\t\t\t\t<div class=\"elementor-widget-container\">\n\t\t\t\t\t<div class=\"woocommerce\"><div class=\"woocommerce-notices-wrapper\"><\/div><div class=\"wc-empty-cart-message\">\n\t<div class=\"cart-empty woocommerce-info\" role=\"status\">\n\t\tYour cart is currently empty.\t<\/div>\n<\/div>\t<p class=\"return-to-shop\">\n\t\t<a class=\"button wc-backward\" href=\"https:\/\/gandan-yourte.com\/en\/shop\/\">\n\t\t\tReturn to shop\t\t<\/a>\n\t<\/p>\n<\/div>\t\t\t\t<\/div>\n\t\t\t\t<\/div>\n\t\t\t\t\t<\/div>\n\t\t\t\t<\/div>\n\t\t\t\t<\/div>\n\t\t","protected":false},"excerpt":{"rendered":"<p>Supprimer l\u2019\u00e9l\u00e9ment Miniature Produit Prix Quantit\u00e9 Sous-total &times; YOURTE TRADI TECHNIPLUS ignifug\u00e9e \u00e9cru &#8211; 4 murs (20m2) &#8211; Couleur bois 7190,00&nbsp;&euro; quantit\u00e9 de YOURTE TRADI TECHNIPLUS ignifug\u00e9e \u00e9cru &#8211; 4 murs (20m2) &#8211; Couleur bois 14380,00&nbsp;&euro; &times; Porte-fen\u00eatre &#8211; 4 murs &#8211; couleur orange 670,00&nbsp;&euro; quantit\u00e9 de Porte-fen\u00eatre &#8211; 4 murs &#8211; couleur orange 670,00&nbsp;&euro; [&hellip;]<\/p>\n","protected":false},"author":2,"featured_media":0,"parent":0,"menu_order":0,"comment_status":"closed","ping_status":"closed","template":"","meta":{"footnotes":""},"class_list":["post-5947","page","type-page","status-publish","hentry"],"yoast_head":"<!-- This site is optimized with the Yoast SEO plugin v26.9 - https:\/\/yoast.com\/product\/yoast-seo-wordpress\/ -->\n<title>Cart | Gandan Yourte<\/title>\n<meta name=\"robots\" content=\"index, follow, max-snippet:-1, max-image-preview:large, max-video-preview:-1\" \/>\n<link rel=\"canonical\" href=\"https:\/\/gandan-yourte.com\/en\/cart\/\" \/>\n<meta property=\"og:locale\" content=\"en_US\" \/>\n<meta property=\"og:type\" content=\"article\" \/>\n<meta property=\"og:title\" content=\"Cart | Gandan Yourte\" \/>\n<meta property=\"og:description\" content=\"Supprimer l\u2019\u00e9l\u00e9ment Miniature Produit Prix Quantit\u00e9 Sous-total &times; YOURTE TRADI TECHNIPLUS ignifug\u00e9e \u00e9cru &#8211; 4 murs (20m2) &#8211; Couleur bois 7190,00&nbsp;&euro; quantit\u00e9 de YOURTE TRADI TECHNIPLUS ignifug\u00e9e \u00e9cru &#8211; 4 murs (20m2) &#8211; Couleur bois 14380,00&nbsp;&euro; &times; Porte-fen\u00eatre &#8211; 4 murs &#8211; couleur orange 670,00&nbsp;&euro; quantit\u00e9 de Porte-fen\u00eatre &#8211; 4 murs &#8211; couleur orange 670,00&nbsp;&euro; [&hellip;]\" \/>\n<meta property=\"og:url\" content=\"https:\/\/gandan-yourte.com\/en\/cart\/\" \/>\n<meta property=\"og:site_name\" content=\"Gandan Yourte\" \/>\n<meta property=\"article:modified_time\" content=\"2025-04-23T13:15:47+00:00\" \/>\n<meta property=\"og:image\" content=\"https:\/\/preprod.gandan-yourte.com\/wp-content\/uploads\/chapeau-cristal-300x300.jpeg\" \/>\n<meta name=\"twitter:card\" content=\"summary_large_image\" \/>\n<meta name=\"twitter:label1\" content=\"Est. reading time\" \/>\n\t<meta name=\"twitter:data1\" content=\"1 minute\" \/>\n<script type=\"application\/ld+json\" class=\"yoast-schema-graph\">{\"@context\":\"https:\/\/schema.org\",\"@graph\":[{\"@type\":\"WebPage\",\"@id\":\"https:\/\/gandan-yourte.com\/en\/cart\/\",\"url\":\"https:\/\/gandan-yourte.com\/en\/cart\/\",\"name\":\"Cart | Gandan Yourte\",\"isPartOf\":{\"@id\":\"https:\/\/gandan-yourte.com\/en\/#website\"},\"primaryImageOfPage\":{\"@id\":\"https:\/\/gandan-yourte.com\/en\/cart\/#primaryimage\"},\"image\":{\"@id\":\"https:\/\/gandan-yourte.com\/en\/cart\/#primaryimage\"},\"thumbnailUrl\":\"https:\/\/preprod.gandan-yourte.com\/wp-content\/uploads\/chapeau-cristal-300x300.jpeg\",\"datePublished\":\"2024-02-09T16:19:35+00:00\",\"dateModified\":\"2025-04-23T13:15:47+00:00\",\"breadcrumb\":{\"@id\":\"https:\/\/gandan-yourte.com\/en\/cart\/#breadcrumb\"},\"inLanguage\":\"en-US\",\"potentialAction\":[{\"@type\":\"ReadAction\",\"target\":[\"https:\/\/gandan-yourte.com\/en\/cart\/\"]}]},{\"@type\":\"ImageObject\",\"inLanguage\":\"en-US\",\"@id\":\"https:\/\/gandan-yourte.com\/en\/cart\/#primaryimage\",\"url\":\"https:\/\/preprod.gandan-yourte.com\/wp-content\/uploads\/chapeau-cristal-300x300.jpeg\",\"contentUrl\":\"https:\/\/preprod.gandan-yourte.com\/wp-content\/uploads\/chapeau-cristal-300x300.jpeg\"},{\"@type\":\"BreadcrumbList\",\"@id\":\"https:\/\/gandan-yourte.com\/en\/cart\/#breadcrumb\",\"itemListElement\":[{\"@type\":\"ListItem\",\"position\":1,\"name\":\"Accueil\",\"item\":\"https:\/\/gandan-yourte.com\/en\/home-page\/\"},{\"@type\":\"ListItem\",\"position\":2,\"name\":\"Cart\"}]},{\"@type\":\"WebSite\",\"@id\":\"https:\/\/gandan-yourte.com\/en\/#website\",\"url\":\"https:\/\/gandan-yourte.com\/en\/\",\"name\":\"Gandan Yourte\",\"description\":\"\",\"publisher\":{\"@id\":\"https:\/\/gandan-yourte.com\/en\/#organization\"},\"potentialAction\":[{\"@type\":\"SearchAction\",\"target\":{\"@type\":\"EntryPoint\",\"urlTemplate\":\"https:\/\/gandan-yourte.com\/en\/?s={search_term_string}\"},\"query-input\":{\"@type\":\"PropertyValueSpecification\",\"valueRequired\":true,\"valueName\":\"search_term_string\"}}],\"inLanguage\":\"en-US\"},{\"@type\":\"Organization\",\"@id\":\"https:\/\/gandan-yourte.com\/en\/#organization\",\"name\":\"Gandan Yourte\",\"url\":\"https:\/\/gandan-yourte.com\/en\/\",\"logo\":{\"@type\":\"ImageObject\",\"inLanguage\":\"en-US\",\"@id\":\"https:\/\/gandan-yourte.com\/en\/#\/schema\/logo\/image\/\",\"url\":\"https:\/\/gandan-yourte.com\/wp-content\/uploads\/cropped-Logo-essai-1-GY-haute-def-avec-transparence-3508x1772px-1.png\",\"contentUrl\":\"https:\/\/gandan-yourte.com\/wp-content\/uploads\/cropped-Logo-essai-1-GY-haute-def-avec-transparence-3508x1772px-1.png\",\"width\":3506,\"height\":1772,\"caption\":\"Gandan Yourte\"},\"image\":{\"@id\":\"https:\/\/gandan-yourte.com\/en\/#\/schema\/logo\/image\/\"}}]}<\/script>\n<!-- \/ Yoast SEO plugin. -->","yoast_head_json":{"title":"Cart | Gandan Yourte","robots":{"index":"index","follow":"follow","max-snippet":"max-snippet:-1","max-image-preview":"max-image-preview:large","max-video-preview":"max-video-preview:-1"},"canonical":"https:\/\/gandan-yourte.com\/en\/cart\/","og_locale":"en_US","og_type":"article","og_title":"Cart | Gandan Yourte","og_description":"Supprimer l\u2019\u00e9l\u00e9ment Miniature Produit Prix Quantit\u00e9 Sous-total &times; YOURTE TRADI TECHNIPLUS ignifug\u00e9e \u00e9cru &#8211; 4 murs (20m2) &#8211; Couleur bois 7190,00&nbsp;&euro; quantit\u00e9 de YOURTE TRADI TECHNIPLUS ignifug\u00e9e \u00e9cru &#8211; 4 murs (20m2) &#8211; Couleur bois 14380,00&nbsp;&euro; &times; Porte-fen\u00eatre &#8211; 4 murs &#8211; couleur orange 670,00&nbsp;&euro; quantit\u00e9 de Porte-fen\u00eatre &#8211; 4 murs &#8211; couleur orange 670,00&nbsp;&euro; [&hellip;]","og_url":"https:\/\/gandan-yourte.com\/en\/cart\/","og_site_name":"Gandan Yourte","article_modified_time":"2025-04-23T13:15:47+00:00","og_image":[{"url":"https:\/\/preprod.gandan-yourte.com\/wp-content\/uploads\/chapeau-cristal-300x300.jpeg","type":"","width":"","height":""}],"twitter_card":"summary_large_image","twitter_misc":{"Est. reading time":"1 minute"},"schema":{"@context":"https:\/\/schema.org","@graph":[{"@type":"WebPage","@id":"https:\/\/gandan-yourte.com\/en\/cart\/","url":"https:\/\/gandan-yourte.com\/en\/cart\/","name":"Cart | Gandan Yourte","isPartOf":{"@id":"https:\/\/gandan-yourte.com\/en\/#website"},"primaryImageOfPage":{"@id":"https:\/\/gandan-yourte.com\/en\/cart\/#primaryimage"},"image":{"@id":"https:\/\/gandan-yourte.com\/en\/cart\/#primaryimage"},"thumbnailUrl":"https:\/\/preprod.gandan-yourte.com\/wp-content\/uploads\/chapeau-cristal-300x300.jpeg","datePublished":"2024-02-09T16:19:35+00:00","dateModified":"2025-04-23T13:15:47+00:00","breadcrumb":{"@id":"https:\/\/gandan-yourte.com\/en\/cart\/#breadcrumb"},"inLanguage":"en-US","potentialAction":[{"@type":"ReadAction","target":["https:\/\/gandan-yourte.com\/en\/cart\/"]}]},{"@type":"ImageObject","inLanguage":"en-US","@id":"https:\/\/gandan-yourte.com\/en\/cart\/#primaryimage","url":"https:\/\/preprod.gandan-yourte.com\/wp-content\/uploads\/chapeau-cristal-300x300.jpeg","contentUrl":"https:\/\/preprod.gandan-yourte.com\/wp-content\/uploads\/chapeau-cristal-300x300.jpeg"},{"@type":"BreadcrumbList","@id":"https:\/\/gandan-yourte.com\/en\/cart\/#breadcrumb","itemListElement":[{"@type":"ListItem","position":1,"name":"Accueil","item":"https:\/\/gandan-yourte.com\/en\/home-page\/"},{"@type":"ListItem","position":2,"name":"Cart"}]},{"@type":"WebSite","@id":"https:\/\/gandan-yourte.com\/en\/#website","url":"https:\/\/gandan-yourte.com\/en\/","name":"Gandan Yourte","description":"","publisher":{"@id":"https:\/\/gandan-yourte.com\/en\/#organization"},"potentialAction":[{"@type":"SearchAction","target":{"@type":"EntryPoint","urlTemplate":"https:\/\/gandan-yourte.com\/en\/?s={search_term_string}"},"query-input":{"@type":"PropertyValueSpecification","valueRequired":true,"valueName":"search_term_string"}}],"inLanguage":"en-US"},{"@type":"Organization","@id":"https:\/\/gandan-yourte.com\/en\/#organization","name":"Gandan Yourte","url":"https:\/\/gandan-yourte.com\/en\/","logo":{"@type":"ImageObject","inLanguage":"en-US","@id":"https:\/\/gandan-yourte.com\/en\/#\/schema\/logo\/image\/","url":"https:\/\/gandan-yourte.com\/wp-content\/uploads\/cropped-Logo-essai-1-GY-haute-def-avec-transparence-3508x1772px-1.png","contentUrl":"https:\/\/gandan-yourte.com\/wp-content\/uploads\/cropped-Logo-essai-1-GY-haute-def-avec-transparence-3508x1772px-1.png","width":3506,"height":1772,"caption":"Gandan Yourte"},"image":{"@id":"https:\/\/gandan-yourte.com\/en\/#\/schema\/logo\/image\/"}}]}},"_hostinger_reach_plugin_has_subscription_block":false,"_hostinger_reach_plugin_is_elementor":false,"_links":{"self":[{"href":"https:\/\/gandan-yourte.com\/en\/wp-json\/wp\/v2\/pages\/5947","targetHints":{"allow":["GET"]}}],"collection":[{"href":"https:\/\/gandan-yourte.com\/en\/wp-json\/wp\/v2\/pages"}],"about":[{"href":"https:\/\/gandan-yourte.com\/en\/wp-json\/wp\/v2\/types\/page"}],"author":[{"embeddable":true,"href":"https:\/\/gandan-yourte.com\/en\/wp-json\/wp\/v2\/users\/2"}],"replies":[{"embeddable":true,"href":"https:\/\/gandan-yourte.com\/en\/wp-json\/wp\/v2\/comments?post=5947"}],"version-history":[{"count":0,"href":"https:\/\/gandan-yourte.com\/en\/wp-json\/wp\/v2\/pages\/5947\/revisions"}],"wp:attachment":[{"href":"https:\/\/gandan-yourte.com\/en\/wp-json\/wp\/v2\/media?parent=5947"}],"curies":[{"name":"wp","href":"https:\/\/api.w.org\/{rel}","templated":true}]}}